{"id":545,"date":"2025-07-15T15:17:23","date_gmt":"2025-07-15T15:17:23","guid":{"rendered":"https:\/\/local540.dev.ufcw.org\/?page_id=545"},"modified":"2025-10-09T15:53:32","modified_gmt":"2025-10-09T15:53:32","slug":"preguntas-mas-frecuentes","status":"publish","type":"page","link":"https:\/\/ufcw540.org\/es\/sobre-nuestra-union\/preguntas-mas-frecuentes\/","title":{"rendered":"Preguntas m\u00e1s frecuentes"},"content":{"rendered":"\n<p>Cuando est\u00e1 pensando en formar una uni\u00f3n en su lugar de trabajo, es importante saber los hechos sobre las uniones. La gerencia puede tomar ventaja de su falta de conocimiento sobre la uni\u00f3n, entonces debe estar equipado con la informaci\u00f3n b\u00e1sica.\u00a0<\/p>\n\n\n\n<p><strong>\u00bfQu\u00e9 es una uni\u00f3n?<\/strong><br>Una uni\u00f3n es un grupo de compa\u00f1eros que se unen para ganar mejores salarios, beneficios, respeto en el trabajo, y una voz m\u00e1s fuerte en las decisiones que afectan el lugar de trabajo. Con la ayuda de una uni\u00f3n, los trabajadores negocian un contrato con su empleador para asegurar esas cosas.\u00a0<\/p>\n\n\n\n<p>Sin una uni\u00f3n, los empleadores tienen todo el control sobre los empleados, y tienen la autoridad total de tomar las decisiones. Las uniones devuelven ese control a los empleados para que puedan mejorar sus lugares de trabajo. Una meta importante de la uni\u00f3n es dar una voz a los trabajadores para que ganen respeto, seguridad, mejor pago y beneficios, y otras mejoras a las condiciones de trabajo.\u00a0<\/p>\n\n\n\n<p><strong>\u00bfQuien dirige la uni\u00f3n?<\/strong><br>Usted y sus compa\u00f1eros dirigen la uni\u00f3n. Ustedes eligen su propio comit\u00e9 de negociaciones y preparan su propia lista de mejoras que quieren solidificar en su contrato de uni\u00f3n. Ustedes tambi\u00e9n eligen sus representantes &#8211; personas que entienden el contrato y pueden resolver las preguntas de otros trabajadores y representarles si hay problemas.\u00a0<\/p>\n\n\n\n<p><strong>\u00bfC\u00f3mo funciona la uni\u00f3n?<\/strong><br>Despu\u00e9s de que la mayor\u00eda de sus compa\u00f1eros voten para tener una uni\u00f3n, hay que elegir un comit\u00e9 de negociaciones entre sus compa\u00f1eros. El comit\u00e9 de negociaciones hablar\u00e1 con los trabajadores para ver que quieren solidificar en su contrato. Con la ayuda de negociadores profesionales de la uni\u00f3n, el comit\u00e9 puede sentarse a la mesa con la gerencia para negociar un contrato.\u00a0<\/p>\n\n\n\n<p>Legalmente, los dos lados est\u00e1n obligados a negociar \u201cde buena fe,\u201d lo que significa que deben estar abiertos a colaborar y llegar a un acuerdo sobre un contrato. Los problemas m\u00e1s frecuentes son los salarios, beneficios, y condiciones de trabajo. Cuando la mayor\u00eda de los trabajadores aprueban el contrato, es ratificado de inmediato.\u00a0<\/p>\n\n\n\n<p><strong>\u00bfEs posible que perdamos los beneficios que tenemos ahora si formamos una uni\u00f3n?<\/strong><\/p>\n\n\n\n<p>No. Es com\u00fan que su empleador le amenaza con quitar sus beneficios cuando quiere formar una uni\u00f3n. El prop\u00f3sito de tener una uni\u00f3n es ganar mejoras entre el lugar de trabajo, no perderlas. Normalmente, los trabajadores con una uni\u00f3n ganan un tercio m\u00e1s en salarios y beneficios que los trabajadores sin una uni\u00f3n.\u00a0<\/p>\n\n\n\n<p><strong>\u00bfCuales beneficios puede garantizar la uni\u00f3n?<\/strong><br>Cuando los trabajadores se unen bajo la fortaleza de la uni\u00f3n, tienen el poder de negociar y establecer una voz colectiva que no pod\u00eda ser lograda sin una uni\u00f3n. No puede hacer ninguna garant\u00eda porque usted y sus compa\u00f1eros son los que toman las decisiones sobre su contrato. Sin embargo, cuando el contrato es ratificado, es un contrato legalmente vinculante y la uni\u00f3n puede garantizar que sea ejecutado.<\/p>\n\n\n\n<p><strong>\u00a0\u00bfPor qu\u00e9 UFCW 540 es la uni\u00f3n para los trabajadores en Texas?\u00a0<\/strong><\/p>\n\n\n\n<p>UFCW 540 tiene d\u00e9cadas de experiencia representando a los trabajadores a trav\u00e9s de los supermercados, plantas de carne, tiendas minoristas, centros de salud y m\u00e1s en el estado de Texas. Nuestros organizadores entienden la diferencia de la uni\u00f3n y tambi\u00e9n c\u00f3mo negociar un contrato excelente y proteger sus derechos en el trabajo. Cont\u00e1ctenos hoy para contarnos un poco sobre c\u00f3mo est\u00e1n las cosas en su compa\u00f1\u00eda.<\/p>\n\n\n\n<hr class=\"wp-block-separator has-alpha-channel-opacity\"\/>\n\n\n\n<p><strong>Contact UFCW Local 540<\/strong><\/p>\n\n\n\n<p>Please email business related questions and suggestions to our staff. However, DO NOT email grievances as they will not reach anyone who can help:<\/p>\n\n\n\n<p>UFCW Local 540<br>17780 Preston Road<br>Dallas, Texas 75252<br><a href=\"https:\/\/www.google.com\/maps\/place\/17780+Preston+Rd,+Dallas,+TX+75252\/@32.9953077,-96.799082,17z\/data=!4m5!3m4!1s0x864c23d2681811f3:0xe471d5359d6b4dcf!8m2!3d32.9940039!4d-96.795664\">Map &amp; directions<\/a><\/p>\n\n\n\n<p><strong>Toll free: 1-800-282-0714<\/strong><br><strong>DFW area: 214-328-3515<\/strong><br><strong>Fax: 214-327-6614<\/strong><br><\/p>\n\n\n\n<p><strong>General delivery email<\/strong><\/p>\n\n\n\n<p>UFCW INTERNATIONAL HEADQUARTERS<br>1775 K Street NW<br>Washington, DC 20006<\/p>\n","protected":false},"excerpt":{"rendered":"<p>Cuando est\u00e1 pensando en formar una uni\u00f3n en su lugar de trabajo, es importante saber los hechos sobre las uniones. La gerencia puede tomar ventaja de su falta de conocimiento sobre la uni\u00f3n, entonces debe estar equipado con la informaci\u00f3n b\u00e1sica.\u00a0 \u00bfQu\u00e9 es una uni\u00f3n?Una uni\u00f3n es un grupo de compa\u00f1eros que se unen para &#8230; <\/p>\n<p class=\"read-more-container\"><a title=\"Preguntas m\u00e1s frecuentes\" class=\"read-more button\" href=\"https:\/\/ufcw540.org\/es\/sobre-nuestra-union\/preguntas-mas-frecuentes\/#more-545\" aria-label=\"Leer m\u00e1s sobre Preguntas m\u00e1s frecuentes\">Read more<\/a><\/p>\n","protected":false},"author":2,"featured_media":0,"parent":504,"menu_order":0,"comment_status":"closed","ping_status":"closed","template":"","meta":{"footnotes":""},"class_list":["post-545","page","type-page","status-publish"],"_links":{"self":[{"href":"https:\/\/ufcw540.org\/es\/wp-json\/wp\/v2\/pages\/545","targetHints":{"allow":["GET"]}}],"collection":[{"href":"https:\/\/ufcw540.org\/es\/wp-json\/wp\/v2\/pages"}],"about":[{"href":"https:\/\/ufcw540.org\/es\/wp-json\/wp\/v2\/types\/page"}],"author":[{"embeddable":true,"href":"https:\/\/ufcw540.org\/es\/wp-json\/wp\/v2\/users\/2"}],"replies":[{"embeddable":true,"href":"https:\/\/ufcw540.org\/es\/wp-json\/wp\/v2\/comments?post=545"}],"version-history":[{"count":1,"href":"https:\/\/ufcw540.org\/es\/wp-json\/wp\/v2\/pages\/545\/revisions"}],"predecessor-version":[{"id":547,"href":"https:\/\/ufcw540.org\/es\/wp-json\/wp\/v2\/pages\/545\/revisions\/547"}],"up":[{"embeddable":true,"href":"https:\/\/ufcw540.org\/es\/wp-json\/wp\/v2\/pages\/504"}],"wp:attachment":[{"href":"https:\/\/ufcw540.org\/es\/wp-json\/wp\/v2\/media?parent=545"}],"curies":[{"name":"wp","href":"https:\/\/api.w.org\/{rel}","templated":true}]}}