{"id":543,"date":"2024-05-15T21:11:52","date_gmt":"2024-05-15T21:11:52","guid":{"rendered":"https:\/\/local540.dev.ufcw.org\/?page_id=543"},"modified":"2026-01-13T17:15:32","modified_gmt":"2026-01-13T17:15:32","slug":"beneficios-para-miembros-de-ufcw-540","status":"publish","type":"page","link":"https:\/\/ufcw540.org\/es\/beneficios-para-miembros-de-ufcw-540\/","title":{"rendered":"Beneficios"},"content":{"rendered":"\n<div class=\"wp-block-cover is-light\"><img decoding=\"async\" class=\"wp-block-cover__image-background wp-image-517 size-large\" alt=\"\" src=\"https:\/\/ufcw540.org\/wp-content\/uploads\/2025\/07\/Local-540_website-header-2-1024x575.jpg\" style=\"object-position:54% 12%\" data-object-fit=\"cover\" data-object-position=\"54% 12%\"\/><span aria-hidden=\"true\" class=\"wp-block-cover__background has-background-dim\" style=\"background-color:#8d989d\"><\/span><div class=\"wp-block-cover__inner-container is-layout-constrained wp-block-cover-is-layout-constrained\">\n<p class=\"has-text-align-center has-large-font-size\"><\/p>\n<\/div><\/div>\n\n\n\n<div style=\"height:38px\" aria-hidden=\"true\" class=\"wp-block-spacer\"><\/div>\n\n\n\n<h2 class=\"wp-block-heading\">Programa Privilegio de Miembros<\/h2>\n\n\n\n<ul class=\"wp-block-list\">\n<li><a href=\"http:\/\/myufcw.org\/\">Mi UFCW<\/a><\/li>\n\n\n\n<li><a href=\"http:\/\/www.unionplus.org\">Beneficios para miembros \u201cUnion Plus\u201d<\/a><\/li>\n\n\n\n<li><a href=\"http:\/\/myufcw.org\/scholarship\/\">Becas y Educaci\u00f3n<\/a><\/li>\n<\/ul>\n\n\n\n<h3 class=\"wp-block-heading\"><strong>Latinos Unidos de UFCW<\/strong><\/h3>\n\n\n\n<p><a href=\"https:\/\/www.ufcwunitedlatinos.org\/\"><strong>Los Latinos Unidos de UFCW<\/strong><\/a> es un movimiento de miembros de y aliados de UFCW que est\u00e1n comprometidos a desarrollar los intereses y el bienestar de los trabajadores latinxs que contribuyen tanto a nuestro pa\u00eds. Latinos unidos est\u00e1n comprometidos a construir una uni\u00f3n diversa, poderosa, y apasionada. Aprenda m\u00e1s sobre c\u00f3mo puede involucrarse con esta coalici\u00f3n creciente hoy.&nbsp;<\/p>\n\n\n\n<h3 class=\"wp-block-heading\"><strong>La coalici\u00f3n minoritaria de UFCW<\/strong><\/h3>\n\n\n\n<p>La coalici\u00f3n minoritaria de UFCW nos ayuda asegurar la representaci\u00f3n y oportunidad igual para <em>TODOS<\/em> los miembros de nuestra uni\u00f3n. Esta coalici\u00f3n trabaja para proteger a los grupos subrepresentados entre los miembros de UFCW &#8211; ayud\u00e1ndoles a luchar por mejor tratamiento y oportunidades de ser l\u00edderes en sus tiendas minoristas, plantas de procesamiento de comestibles, instalaciones m\u00e9dicas, y otros lugares de trabajo.&nbsp;<br><br>Aprenda <a href=\"https:\/\/ufcwmc.org\/membership-application\/\"><strong>c\u00f3mo puede solicitar para ser miembro de la coalici\u00f3n minoritaria de UFCW<\/strong>.<\/a><\/p>\n\n\n\n<h3 class=\"wp-block-heading\"><strong>UFCW OUTreach<\/strong><\/h3>\n\n\n\n<p>\u201c<strong>UFCW OUTreach<\/strong>\u201d es un grupo electoral comprometido a empoderando los miembros de las comunidades de personas de doble esp\u00edritu, lesbianas, gais, bisexuales, transg\u00e9nero y queer (2SLGBTQ+) a organizar sus lugares de trabajo para mejor igualdad social y econ\u00f3mico en nuestras comunidades.&nbsp;<\/p>\n\n\n\n<p><strong><a href=\"https:\/\/www.ufcwoutreach.org\/\">Aprenda m\u00e1s sobre c\u00f3mo puede convertirse en miembro de UFCW OUTreach<\/a><\/strong>, o apoyar a esta coalici\u00f3n mientras contin\u00faa desarrollando una mejor igualdad para todos que contribuyen a nuestros lugares de trabajo, a pesar de su origen e identidad personal.&nbsp;<\/p>\n\n\n\n<h3 class=\"wp-block-heading\"><strong>La red de mujeres de UFCW<\/strong><\/h3>\n\n\n\n<p>Las mujeres constituyen m\u00e1s de la mitad de todos los miembros de UFCW, y la red de mujeres de UFCW quiere empoderar a las mujeres para fortalecer nuestra uni\u00f3n en nuestras comunidades y en la mesa de negociaciones.&nbsp;<\/p>\n\n\n\n<p><strong><a href=\"https:\/\/ufcwwomensnetworknews.wordpress.com\/2022-membership-form\/\">Vaya a la p\u00e1gina de afiliaci\u00f3n de la red de mujeres de UFCW<\/a><\/strong> para solicitar para ser miembro de este grupo electoral.<\/p>\n\n\n\n<hr class=\"wp-block-separator has-alpha-channel-opacity\"\/>\n\n\n\n<h2 class=\"wp-block-heading\" id=\"VOTE\">Reg\u00edstrese para votar<\/h2>\n\n\n\n<p>Nuestra democracia depende de la participaci\u00f3n activa de todos durante la hora de las elecciones. M\u00e1s votantes significa m\u00e1s poder, entonces cuanto m\u00e1s miembros de UFCW se registren, m\u00e1s poder tenemos para defender protecciones importantes en el lugar de trabajo, abogar por leyes nuevas y pedir apoyo de nuestros representantes pol\u00edticos.&nbsp;<\/p>\n\n\n\n<p>Para hacer uso de su derecho de votar, primero hay que registrarse. Imprime el documento de registro de votante, llene los espacios vac\u00edos, y env\u00edelo por correo en su oficina local de registro de votantes.&nbsp;<\/p>\n\n\n\n<p><strong>Para ser elegible votar en Texas, tiene que:<\/strong><\/p>\n\n\n\n<ul class=\"wp-block-list\">\n<li>Ser ciudadano de los EE.UU.\u00a0<\/li>\n\n\n\n<li>Ser residente del pa\u00eds<\/li>\n\n\n\n<li>Tener 18 a\u00f1os (puede registrarse cuando tiene 17 a\u00f1os y 10 meses)<\/li>\n\n\n\n<li>No ser un delincuente convicto (a menos que ha completado su sentencia, incluyendo cualquier libertad condicional o libertad a prueba)<\/li>\n\n\n\n<li>No tener una declaraci\u00f3n de incapacitaci\u00f3n mental de una corte legal.<\/li>\n<\/ul>\n\n\n\n<p><em>Para una lista de oficinas de registraci\u00f3n de votantes en varios condados, vaya al sitio del secretario del estado de Texas.&nbsp;<\/em><\/p>\n\n\n\n<div class=\"wp-block-buttons is-layout-flex wp-block-buttons-is-layout-flex\">\n<div class=\"wp-block-button\"><a class=\"wp-block-button__link wp-element-button\" href=\"https:\/\/www.votetexas.gov\/es\/registrese-para-votar\/index.html\">C\u00f3mo reg\u00edstrese para votar<\/a><\/div>\n<\/div>\n\n\n\n<hr class=\"wp-block-separator has-alpha-channel-opacity\"\/>\n\n\n\n<h3 class=\"wp-block-heading\">Comprar de tiendas de uni\u00f3n<\/h3>\n\n\n\n<p>Los buenos trabajos dependen de las decisiones que toma la gente cada d\u00eda. La mejor manera de apoyar los salarios y beneficios buenos que disfrutamos como miembros de la uni\u00f3n es comprar productos de tiendas de uni\u00f3n cuando podamos. Puede ser un poquito m\u00e1s costoso, pero vale la pena saber que los trabajadores que han hecho el producto est\u00e1n pagados y tratados justamente.&nbsp;<\/p>\n\n\n\n<p>COMPRA DE LAS TIENDAS DE UNI\u00d3N! Apoya a su uni\u00f3n local por comprar las cosas y de las marcas que nuestros miembros producen. Tambi\u00e9n puede comer en los restaurantes o comprar de las compa\u00f1\u00edas que usan productos de uni\u00f3n.&nbsp;<\/p>\n\n\n\n<figure class=\"wp-block-table\"><table class=\"has-fixed-layout\"><tbody><tr><td><strong>COMPANY<\/strong><\/td><td><strong>PRODUCT<\/strong><\/td><\/tr><tr><td>Tyson Foods NRH<\/td><td>Pizza Hut (ingredientes de pizza), Taco Bell (Carne para las fajitas)<\/td><\/tr><tr><td>Campbell Soup<\/td><td>Todas las sopas de marca conocida, salsa de Old El Paso, Salsa Picante de Pace<\/td><\/tr><tr><td>Silgan Can Company<\/td><td>Latas de aluminio para todas las sopas de Campbell&#8217;s<\/td><\/tr><tr><td>Cargill Meat Solutions, Fort Worth<\/td><td>Hamburguesas congeladas<\/td><\/tr><tr><td>Pilgrim\u2019s Pride<\/td><td>Carne de ave cruda y procesada<\/td><\/tr><tr><td>Frito Lay<\/td><td>Todas las papitas de marca conocida<\/td><\/tr><tr><td>Tyson Foods-Center<\/td><td>Carne de ave cruda y procesada<\/td><\/tr><tr><td>Tyson Foods-Carthage<\/td><td>Carne de ave cruda y procesada<\/td><\/tr><tr><td>Quaker Oats<\/td><td>Bebidas deportivas de Gatorade y Propel<\/td><\/tr><tr><td>Huhtamaki Packaging<\/td><td>Pollo de Popeyes, Pizza Hut, y las cajas y los envoltorios para Churches Chicken<\/td><\/tr><tr><td>Kroger Grocery<\/td><td>Supermercado<\/td><\/tr><tr><td>Danone<\/td><td>Yogur, leche, cremas de caf\u00e9 org\u00e1nicas<\/td><\/tr><tr><td>Kroger Warehouse<\/td><td>Dep\u00f3sito de carne para Kroger<\/td><\/tr><tr><td>Cargill Meat Solutions, Friona, TX<\/td><td>Carne fresca y de cryovac<\/td><\/tr><tr><td>JBS &amp; Tannery<\/td><td>Carne fresca y de cryovac<\/td><\/tr><tr><td>Albertson\u2019s El Paso<\/td><td>Mercado de carne<\/td><\/tr><tr><td>PepsiCo Drivers<\/td><td>Bebidas deportivas de Gatorade y Propel<\/td><\/tr><\/tbody><\/table><\/figure>\n\n\n\n<p><\/p>\n","protected":false},"excerpt":{"rendered":"<p>Programa Privilegio de Miembros Latinos Unidos de UFCW Los Latinos Unidos de UFCW es un movimiento de miembros de y aliados de UFCW que est\u00e1n comprometidos a desarrollar los intereses y el bienestar de los trabajadores latinxs que contribuyen tanto a nuestro pa\u00eds. Latinos unidos est\u00e1n comprometidos a construir una uni\u00f3n diversa, poderosa, y apasionada. &#8230; <\/p>\n<p class=\"read-more-container\"><a title=\"Beneficios\" class=\"read-more button\" href=\"https:\/\/ufcw540.org\/es\/beneficios-para-miembros-de-ufcw-540\/#more-543\" aria-label=\"Leer m\u00e1s sobre Beneficios\">Read more<\/a><\/p>\n","protected":false},"author":2,"featured_media":0,"parent":0,"menu_order":0,"comment_status":"closed","ping_status":"closed","template":"","meta":{"footnotes":""},"class_list":["post-543","page","type-page","status-publish"],"_links":{"self":[{"href":"https:\/\/ufcw540.org\/es\/wp-json\/wp\/v2\/pages\/543","targetHints":{"allow":["GET"]}}],"collection":[{"href":"https:\/\/ufcw540.org\/es\/wp-json\/wp\/v2\/pages"}],"about":[{"href":"https:\/\/ufcw540.org\/es\/wp-json\/wp\/v2\/types\/page"}],"author":[{"embeddable":true,"href":"https:\/\/ufcw540.org\/es\/wp-json\/wp\/v2\/users\/2"}],"replies":[{"embeddable":true,"href":"https:\/\/ufcw540.org\/es\/wp-json\/wp\/v2\/comments?post=543"}],"version-history":[{"count":12,"href":"https:\/\/ufcw540.org\/es\/wp-json\/wp\/v2\/pages\/543\/revisions"}],"predecessor-version":[{"id":862,"href":"https:\/\/ufcw540.org\/es\/wp-json\/wp\/v2\/pages\/543\/revisions\/862"}],"wp:attachment":[{"href":"https:\/\/ufcw540.org\/es\/wp-json\/wp\/v2\/media?parent=543"}],"curies":[{"name":"wp","href":"https:\/\/api.w.org\/{rel}","templated":true}]}}