{"id":539,"date":"2025-07-24T16:31:15","date_gmt":"2025-07-24T16:31:15","guid":{"rendered":"https:\/\/local540.dev.ufcw.org\/?page_id=539"},"modified":"2026-01-12T17:39:12","modified_gmt":"2026-01-12T17:39:12","slug":"conozca-sus-derechos","status":"publish","type":"page","link":"https:\/\/ufcw540.org\/es\/formar-una-union-2\/conozca-sus-derechos\/","title":{"rendered":"Conozca sus derechos"},"content":{"rendered":"\n<div class=\"wp-block-cover\"><img loading=\"lazy\" decoding=\"async\" width=\"1024\" height=\"576\" class=\"wp-block-cover__image-background wp-image-423 size-large\" alt=\"\" src=\"https:\/\/ufcw540.org\/wp-content\/uploads\/2025\/08\/Local-540-member-5-1024x576.jpg\" style=\"object-position:70% 33%\" data-object-fit=\"cover\" data-object-position=\"70% 33%\" srcset=\"https:\/\/ufcw540.org\/wp-content\/uploads\/2025\/08\/Local-540-member-5-1024x576.jpg 1024w, https:\/\/ufcw540.org\/wp-content\/uploads\/2025\/08\/Local-540-member-5-300x169.jpg 300w, https:\/\/ufcw540.org\/wp-content\/uploads\/2025\/08\/Local-540-member-5-768x432.jpg 768w, https:\/\/ufcw540.org\/wp-content\/uploads\/2025\/08\/Local-540-member-5-1536x864.jpg 1536w, https:\/\/ufcw540.org\/wp-content\/uploads\/2025\/08\/Local-540-member-5.jpg 1920w\" sizes=\"auto, (max-width: 1024px) 100vw, 1024px\" \/><span aria-hidden=\"true\" class=\"wp-block-cover__background has-background-dim\" style=\"background-color:#827f77\"><\/span><div class=\"wp-block-cover__inner-container is-layout-constrained wp-block-cover-is-layout-constrained\">\n<p class=\"has-text-align-center has-large-font-size\"><\/p>\n<\/div><\/div>\n\n\n\n<div style=\"height:39px\" aria-hidden=\"true\" class=\"wp-block-spacer\"><\/div>\n\n\n\n<h3 class=\"wp-block-heading\"><strong>El gobierno de los EE.UU protege sus derechos de formar una uni\u00f3n<\/strong><\/h3>\n\n\n\n<p>El gobierno federal le garantiza el derecho de organizar una uni\u00f3n. Nadie puede tratar de decirle diferente, aqu\u00ed son las palabras exactas como aparecen en la ley:&nbsp;<\/p>\n\n\n\n<p><em>\u201cSection 7. Employees shall have the right to self-organization, to form, join, or assist labor organizations, to bargain collectively through representation of their own choosing, and to engage in other concerted activities for the purposes of collective bargaining . . . and shall have the right to refrain from any or all such activities . . . \u201c<\/em><\/p>\n\n\n\n<p>Adem\u00e1s, esta ley le protege cuando necesita usar de sus derechos por hacerlo ilegal que su empleador se interfiere. Aqu\u00ed son las palabras exactas de la ley:&nbsp;<\/p>\n\n\n\n<p><em>\u201cSection 8. (a) It shall be an unfair labor practice for an employer \u2014 (1) to interfere with, restrain or coerce employees in the exercise of the rights guaranteed in section 7; . . . and (3) by discrimination in regard to hire or tenure of employment, to encourage or discourage membership in any labor organization . . . \u201c<\/em><\/p>\n\n\n\n<p>Lo que esto significa en palabras sencillas es que el gobierno de los <a href=\"http:\/\/ee.uu\">EE.UU<\/a>. le garantiza el derecho de organizar, apoyar, y organizarse a la uni\u00f3n que quiera. Este incluye actividades como formar una tarjeta de apoyo, animar a otros a firmar las tarjetas, asistir las reuniones de la uni\u00f3n, llevar botones de la uni\u00f3n, circular literatura sobre la uni\u00f3n, y hablar con otros trabajadores si no interfiere con el trabajo.&nbsp;<\/p>\n\n\n\n<p>No puede ser castigado por su actividad o apoyo para la uni\u00f3n. Es ilegal que le corten sus horas o que le suspendan, despidan, o se transfieran a un trabajo peor. Si su empleador hace esas cosas por su actividad o su apoyo para la uni\u00f3n, la ley dice que el trabajador debe ser reinstalado a su empleo anterior sin perder sus derechos de antig\u00fcedad. Y el empleador debe pagarle los salarios perdidos, incluyendo el inter\u00e9s. \u00a1Entonces, que proteja sus derechos! Y recuerde que el Uncle Sam le apoya! \u00a1Es la ley!&nbsp;<\/p>\n\n\n\n<div class=\"wp-block-buttons is-layout-flex wp-block-buttons-is-layout-flex\">\n<div class=\"wp-block-button\"><a class=\"wp-block-button__link has-text-align-center wp-element-button\" href=\"https:\/\/ufcw540.org\/es\/como-empezar\/#get-started\">\u00a1Cont\u00e1ctanos hoy para iniciar una uni\u00f3n en su trabajo!<\/a><\/div>\n<\/div>\n\n\n\n<div style=\"height:36px\" aria-hidden=\"true\" class=\"wp-block-spacer\"><\/div>\n","protected":false},"excerpt":{"rendered":"<p>El gobierno de los EE.UU protege sus derechos de formar una uni\u00f3n El gobierno federal le garantiza el derecho de organizar una uni\u00f3n. Nadie puede tratar de decirle diferente, aqu\u00ed son las palabras exactas como aparecen en la ley:&nbsp; \u201cSection 7. Employees shall have the right to self-organization, to form, join, or assist labor organizations, &#8230; <\/p>\n<p class=\"read-more-container\"><a title=\"Conozca sus derechos\" class=\"read-more button\" href=\"https:\/\/ufcw540.org\/es\/formar-una-union-2\/conozca-sus-derechos\/#more-539\" aria-label=\"Leer m\u00e1s sobre Conozca sus derechos\">Read more<\/a><\/p>\n","protected":false},"author":2,"featured_media":0,"parent":572,"menu_order":0,"comment_status":"closed","ping_status":"closed","template":"","meta":{"footnotes":""},"class_list":["post-539","page","type-page","status-publish"],"_links":{"self":[{"href":"https:\/\/ufcw540.org\/es\/wp-json\/wp\/v2\/pages\/539","targetHints":{"allow":["GET"]}}],"collection":[{"href":"https:\/\/ufcw540.org\/es\/wp-json\/wp\/v2\/pages"}],"about":[{"href":"https:\/\/ufcw540.org\/es\/wp-json\/wp\/v2\/types\/page"}],"author":[{"embeddable":true,"href":"https:\/\/ufcw540.org\/es\/wp-json\/wp\/v2\/users\/2"}],"replies":[{"embeddable":true,"href":"https:\/\/ufcw540.org\/es\/wp-json\/wp\/v2\/comments?post=539"}],"version-history":[{"count":4,"href":"https:\/\/ufcw540.org\/es\/wp-json\/wp\/v2\/pages\/539\/revisions"}],"predecessor-version":[{"id":840,"href":"https:\/\/ufcw540.org\/es\/wp-json\/wp\/v2\/pages\/539\/revisions\/840"}],"up":[{"embeddable":true,"href":"https:\/\/ufcw540.org\/es\/wp-json\/wp\/v2\/pages\/572"}],"wp:attachment":[{"href":"https:\/\/ufcw540.org\/es\/wp-json\/wp\/v2\/media?parent=539"}],"curies":[{"name":"wp","href":"https:\/\/api.w.org\/{rel}","templated":true}]}}