{"id":526,"date":"2025-07-24T15:52:28","date_gmt":"2025-07-24T15:52:28","guid":{"rendered":"https:\/\/local540.dev.ufcw.org\/?page_id=526"},"modified":"2025-12-22T20:00:06","modified_gmt":"2025-12-22T20:00:06","slug":"como-empezar","status":"publish","type":"page","link":"https:\/\/ufcw540.org\/es\/formar-una-union-2\/como-empezar\/","title":{"rendered":"C\u00f3mo empezar"},"content":{"rendered":"\n<div class=\"wp-block-cover\"><img decoding=\"async\" class=\"wp-block-cover__image-background wp-image-688 size-large\" alt=\"\" src=\"https:\/\/ufcw540.org\/wp-content\/uploads\/2025\/12\/ufcw_local_540-hero_image-1024x576.jpg\" data-object-fit=\"cover\"\/><span aria-hidden=\"true\" class=\"wp-block-cover__background has-background-dim\" style=\"background-color:#6d6169\"><\/span><div class=\"wp-block-cover__inner-container is-layout-constrained wp-block-cover-is-layout-constrained\">\n<p class=\"has-text-align-center has-large-font-size\"><\/p>\n<\/div><\/div>\n\n\n\n<div style=\"height:38px\" aria-hidden=\"true\" class=\"wp-block-spacer\"><\/div>\n\n\n\n<p>En UFCW 540, creemos firmemente que los trabajadores deben tener una voz en sus trabajos. La \u00fanica manera de obtener una voz verdadera en su lugar de trabajo es tener un contrato de uni\u00f3n. Cuanto m\u00e1s trabajadores se unan para luchar por sus derechos, m\u00e1s la gerencia se escucha a lo que tienen que decir.&nbsp;<\/p>\n\n\n\n<p><strong>En UFCW 540, ayudamos a los trabajadores en Texas mientras negocian por:&nbsp;<\/strong><\/p>\n\n\n\n<ul class=\"wp-block-list\">\n<li>Aumentos de pago<\/li>\n\n\n\n<li>Condiciones de trabajo seguros<\/li>\n\n\n\n<li>Drogas de prescripci\u00f3n y seguros m\u00e9dicos, dentales y de visi\u00f3n pagados por el empleador<\/li>\n\n\n\n<li>Justos cargos de trabajo y velocidades de l\u00ednea<\/li>\n\n\n\n<li>Seguridad laboral y derechos de antig\u00fcedad<\/li>\n\n\n\n<li>Pensiones<\/li>\n\n\n\n<li>Oportunidades de avanzar<\/li>\n\n\n\n<li>Protecci\u00f3n contra el tratamiento injusto o el favoritismo de los supervisores o empleadores<\/li>\n<\/ul>\n\n\n\n<p>El gobierno de los Estados Unidos dice que usted tiene el derecho legal de unirse a una uni\u00f3n o ayudar con organizar una uni\u00f3n donde trabaja. Los miembros de la uni\u00f3n ganan mucho m\u00e1s que los trabajadores sin una uni\u00f3n. El costo peque\u00f1o de las cuotas de la uni\u00f3n le trae premios grandes no solamente en su pago, sino en sus beneficios y condiciones de trabajo.&nbsp;<\/p>\n\n\n\n<h2 class=\"wp-block-heading\" id=\"get-started\">Tome el primer paso hoy<\/h2>\n\n\n\n<p>Si trabaja en una tienda minorista, en un supermercado, o en la industria del procesamiento de comestibles aca en Texas, llene el formulario abajo &#8211; disponible en ingl\u00e9s o en espa\u00f1ol. Y aunque no trabaje en esas industrias, el equipo aqu\u00ed en UFCW Local 540 puede hablar con usted sobre c\u00f3mo est\u00e1n las cosas en su trabajo y c\u00f3mo podr\u00eda beneficiar con una uni\u00f3n a su lado.&nbsp;<\/p>\n\n\n\n<p><em>Si quiere respeto, un salario justo por su trabajo, y un futuro mejor en su trabajo, todo comienza aqu\u00ed. S\u00f3lo complete el formulario de esta p\u00e1gina:<\/em><\/p>\n\n\n\n<div class=\"wp-block-contact-form-7-contact-form-selector\">\n<div class=\"wpcf7 no-js\" id=\"wpcf7-f593-o1\" lang=\"es-ES\" dir=\"ltr\" data-wpcf7-id=\"593\">\n<div class=\"screen-reader-response\"><p role=\"status\" aria-live=\"polite\" aria-atomic=\"true\"><\/p> <ul><\/ul><\/div>\n<form action=\"\/es\/wp-json\/wp\/v2\/pages\/526#wpcf7-f593-o1\" method=\"post\" class=\"wpcf7-form init\" aria-label=\"Formulario de contacto\" novalidate=\"novalidate\" data-status=\"init\">\n<fieldset class=\"hidden-fields-container\"><input type=\"hidden\" name=\"_wpcf7\" value=\"593\" \/><input type=\"hidden\" name=\"_wpcf7_version\" value=\"6.1.5\" \/><input type=\"hidden\" name=\"_wpcf7_locale\" value=\"es_ES\" \/><input type=\"hidden\" name=\"_wpcf7_unit_tag\" value=\"wpcf7-f593-o1\" \/><input type=\"hidden\" name=\"_wpcf7_container_post\" value=\"0\" \/><input type=\"hidden\" name=\"_wpcf7_posted_data_hash\" value=\"\" \/>\n<\/fieldset>\n<p><label> Su nombre<br \/>\n<span class=\"wpcf7-form-control-wrap\" data-name=\"name-893\"><input size=\"40\" maxlength=\"400\" class=\"wpcf7-form-control wpcf7-text\" autocomplete=\"name\" aria-invalid=\"false\" value=\"\" type=\"text\" name=\"name-893\" \/><\/span> <\/label>\n<\/p>\n<p><label> Su n\u00famero de tel\u00e9fono celular<br \/>\n<span class=\"wpcf7-form-control-wrap\" data-name=\"tel-123\"><input size=\"40\" maxlength=\"400\" class=\"wpcf7-form-control wpcf7-tel wpcf7-text wpcf7-validates-as-tel\" aria-invalid=\"false\" value=\"\" type=\"tel\" name=\"tel-123\" \/><\/span> <\/label>\n<\/p>\n<p><label> Su email<br \/>\n<span class=\"wpcf7-form-control-wrap\" data-name=\"email-351\"><input size=\"40\" maxlength=\"400\" class=\"wpcf7-form-control wpcf7-email wpcf7-text wpcf7-validates-as-email\" aria-invalid=\"false\" value=\"\" type=\"email\" name=\"email-351\" \/><\/span> <\/label>\n<\/p>\n<p><label> Su empleador<br \/>\n<span class=\"wpcf7-form-control-wrap\" data-name=\"employer-672\"><input size=\"40\" maxlength=\"400\" class=\"wpcf7-form-control wpcf7-text\" aria-invalid=\"false\" value=\"\" type=\"text\" name=\"employer-672\" \/><\/span> <\/label>\n<\/p>\n<p><label> Por qu\u00e9 quiere una uni\u00f3n:<br \/>\n<span class=\"wpcf7-form-control-wrap\" data-name=\"workerstory-860\"><textarea cols=\"40\" rows=\"10\" maxlength=\"2000\" class=\"wpcf7-form-control wpcf7-textarea\" aria-invalid=\"false\" name=\"workerstory-860\"><\/textarea><\/span> <\/label>\n<\/p>\n<p><input class=\"wpcf7-form-control wpcf7-submit has-spinner\" type=\"submit\" value=\"Entregar\" \/>\n<\/p><div class=\"wpcf7-response-output\" aria-hidden=\"true\"><\/div>\n<\/form>\n<\/div>\n<\/div>\n\n\n\n<p><\/p>\n","protected":false},"excerpt":{"rendered":"<p>En UFCW 540, creemos firmemente que los trabajadores deben tener una voz en sus trabajos. La \u00fanica manera de obtener una voz verdadera en su lugar de trabajo es tener un contrato de uni\u00f3n. Cuanto m\u00e1s trabajadores se unan para luchar por sus derechos, m\u00e1s la gerencia se escucha a lo que tienen que decir.&nbsp; &#8230; <\/p>\n<p class=\"read-more-container\"><a title=\"C\u00f3mo empezar\" class=\"read-more button\" href=\"https:\/\/ufcw540.org\/es\/formar-una-union-2\/como-empezar\/#more-526\" aria-label=\"Leer m\u00e1s sobre C\u00f3mo empezar\">Read more<\/a><\/p>\n","protected":false},"author":2,"featured_media":0,"parent":572,"menu_order":0,"comment_status":"closed","ping_status":"closed","template":"","meta":{"footnotes":""},"class_list":["post-526","page","type-page","status-publish"],"_links":{"self":[{"href":"https:\/\/ufcw540.org\/es\/wp-json\/wp\/v2\/pages\/526","targetHints":{"allow":["GET"]}}],"collection":[{"href":"https:\/\/ufcw540.org\/es\/wp-json\/wp\/v2\/pages"}],"about":[{"href":"https:\/\/ufcw540.org\/es\/wp-json\/wp\/v2\/types\/page"}],"author":[{"embeddable":true,"href":"https:\/\/ufcw540.org\/es\/wp-json\/wp\/v2\/users\/2"}],"replies":[{"embeddable":true,"href":"https:\/\/ufcw540.org\/es\/wp-json\/wp\/v2\/comments?post=526"}],"version-history":[{"count":3,"href":"https:\/\/ufcw540.org\/es\/wp-json\/wp\/v2\/pages\/526\/revisions"}],"predecessor-version":[{"id":722,"href":"https:\/\/ufcw540.org\/es\/wp-json\/wp\/v2\/pages\/526\/revisions\/722"}],"up":[{"embeddable":true,"href":"https:\/\/ufcw540.org\/es\/wp-json\/wp\/v2\/pages\/572"}],"wp:attachment":[{"href":"https:\/\/ufcw540.org\/es\/wp-json\/wp\/v2\/media?parent=526"}],"curies":[{"name":"wp","href":"https:\/\/api.w.org\/{rel}","templated":true}]}}