{"id":524,"date":"2025-08-21T13:35:16","date_gmt":"2025-08-21T13:35:16","guid":{"rendered":"https:\/\/local540.dev.ufcw.org\/?page_id=524"},"modified":"2025-12-22T19:59:42","modified_gmt":"2025-12-22T19:59:42","slug":"directorio-de-personal-de-ufcw-540","status":"publish","type":"page","link":"https:\/\/ufcw540.org\/es\/sobre-nuestra-union\/directorio-de-personal-de-ufcw-540\/","title":{"rendered":"Directorio de personal de UFCW 540"},"content":{"rendered":"\n<h3 class=\"wp-block-heading\"><strong>El liderazgo de UFCW 540<\/strong><\/h3>\n\n\n\n<div class=\"wp-block-media-text is-stacked-on-mobile\" style=\"grid-template-columns:15% auto\"><figure class=\"wp-block-media-text__media\"><img decoding=\"async\" src=\"https:\/\/ufcw540.org\/wp-content\/uploads\/2025\/10\/Felipe-Mendez.jpg\" alt=\"\" class=\"wp-image-706 size-full\"\/><\/figure><div class=\"wp-block-media-text__content\">\n<p><strong>Felipe Mendez |<em> Presidente<\/em><\/strong> <br><a href=\"mailto:Felipe@ufcw540.org\">Felipe@ufcw540.org<\/a><\/p>\n<\/div><\/div>\n\n\n\n<div style=\"height:30px\" aria-hidden=\"true\" class=\"wp-block-spacer\"><\/div>\n\n\n\n<div class=\"wp-block-media-text is-stacked-on-mobile\" style=\"grid-template-columns:15% auto\"><figure class=\"wp-block-media-text__media\"><img decoding=\"async\" src=\"https:\/\/ufcw540.org\/wp-content\/uploads\/2025\/10\/Celestino-Rivera.jpg\" alt=\"\" class=\"wp-image-707 size-full\"\/><\/figure><div class=\"wp-block-media-text__content\">\n<p><strong>Celestino Rivera | <em>Secretario tesorero<\/em><\/strong><br><a href=\"mailto:Celestino@ufcw540.org\">Celestino@ufcw540.org<\/a><\/p>\n<\/div><\/div>\n\n\n\n<div style=\"height:30px\" aria-hidden=\"true\" class=\"wp-block-spacer\"><\/div>\n\n\n\n<div class=\"wp-block-media-text is-stacked-on-mobile\" style=\"grid-template-columns:15% auto\"><figure class=\"wp-block-media-text__media\"><img decoding=\"async\" src=\"https:\/\/ufcw540.org\/wp-content\/uploads\/2025\/10\/Gonzalo-Reyes.jpg\" alt=\"\" class=\"wp-image-708 size-full\"\/><\/figure><div class=\"wp-block-media-text__content\">\n<p><strong>Gonzalo Reyes | Asistente ejecutivo del presidente y del director de organizaci\u00f3n<\/strong><br><a href=\"mailto:Gonzalo@ufcw540.org\">Gonzalo@ufcw540.org<\/a> | 214-519-3709<\/p>\n<\/div><\/div>\n\n\n\n<div style=\"height:30px\" aria-hidden=\"true\" class=\"wp-block-spacer\"><\/div>\n\n\n\n<h4 class=\"wp-block-heading\"><strong>Organizadores de uni\u00f3n en UFCW 540<\/strong><\/h4>\n\n\n\n<div class=\"wp-block-media-text is-stacked-on-mobile\" style=\"grid-template-columns:15% auto\"><figure class=\"wp-block-media-text__media\"><img decoding=\"async\" src=\"https:\/\/ufcw540.org\/wp-content\/uploads\/2025\/10\/Juan-Ventura.jpg\" alt=\"\" class=\"wp-image-709 size-full\"\/><\/figure><div class=\"wp-block-media-text__content\">\n<p><strong>Juan Ventura<\/strong> | <strong><em>Organizador de uni\u00f3n<\/em><\/strong> <br><a href=\"mailto:Juan@ufcw540.org\">Juan@ufcw540.org<\/a> | 870-210-1076<\/p>\n<\/div><\/div>\n\n\n\n<div style=\"height:30px\" aria-hidden=\"true\" class=\"wp-block-spacer\"><\/div>\n\n\n\n<div class=\"wp-block-media-text is-stacked-on-mobile\" style=\"grid-template-columns:15% auto\"><figure class=\"wp-block-media-text__media\"><img decoding=\"async\" src=\"https:\/\/ufcw540.org\/wp-content\/uploads\/2025\/10\/Rhonda-Trevino.jpg\" alt=\"\" class=\"wp-image-710 size-full\"\/><\/figure><div class=\"wp-block-media-text__content\">\n<p><strong>Rhonda Trevino | <em>Organizador de uni\u00f3n<\/em><\/strong> <br><a href=\"mailto:Rhonda@ufcw540.org\">Rhonda@ufcw540.org<\/a> | 806-220-4451<\/p>\n<\/div><\/div>\n\n\n\n<div style=\"height:30px\" aria-hidden=\"true\" class=\"wp-block-spacer\"><\/div>\n\n\n\n<h4 class=\"wp-block-heading\"><strong>Representantes de uni\u00f3n en UFCW 540<\/strong><\/h4>\n\n\n\n<div style=\"height:30px\" aria-hidden=\"true\" class=\"wp-block-spacer\"><\/div>\n\n\n\n<div class=\"wp-block-media-text is-stacked-on-mobile\" style=\"grid-template-columns:15% auto\"><figure class=\"wp-block-media-text__media\"><img decoding=\"async\" src=\"https:\/\/ufcw540.org\/wp-content\/uploads\/2025\/10\/Andrew-Cortes.jpg\" alt=\"\" class=\"wp-image-711 size-full\"\/><\/figure><div class=\"wp-block-media-text__content\">\n<p><strong>Andrew Cortes | <em>Director de procesamiento de comestibles<\/em><\/strong> <br><a href=\"mailto:Andrew@ufcw540.org\">Andrew@ufcw540.org<\/a> | 214-926-4553<\/p>\n<\/div><\/div>\n\n\n\n<div style=\"height:30px\" aria-hidden=\"true\" class=\"wp-block-spacer\"><\/div>\n\n\n\n<div class=\"wp-block-media-text is-stacked-on-mobile\" style=\"grid-template-columns:15% auto\"><figure class=\"wp-block-media-text__media\"><img decoding=\"async\" src=\"https:\/\/ufcw540.org\/wp-content\/uploads\/2025\/10\/Blanca-Hernandez.jpg\" alt=\"\" class=\"wp-image-712 size-full\"\/><\/figure><div class=\"wp-block-media-text__content\">\n<p><strong>Blanca Hernandez | <em>Representante de la uni\u00f3n<\/em><\/strong> <br><a href=\"mailto:Blanca@ufcw540.org\">Blanca@ufcw540.org<\/a> | 214-914-5643<\/p>\n<\/div><\/div>\n\n\n\n<div style=\"height:30px\" aria-hidden=\"true\" class=\"wp-block-spacer\"><\/div>\n\n\n\n<div class=\"wp-block-media-text is-stacked-on-mobile\" style=\"grid-template-columns:15% auto\"><figure class=\"wp-block-media-text__media\"><img decoding=\"async\" src=\"https:\/\/ufcw540.org\/wp-content\/uploads\/2025\/10\/Derex-Johnson.jpg\" alt=\"\" class=\"wp-image-713 size-full\"\/><\/figure><div class=\"wp-block-media-text__content\">\n<p><strong>Derex Johnson<\/strong> |<strong><em> Representante de la uni\u00f3n<\/em><\/strong> <br><a href=\"mailto:Derex@ufcw540.org\">Derex@ufcw540.org<\/a> | 972-322-8664<\/p>\n<\/div><\/div>\n\n\n\n<div style=\"height:30px\" aria-hidden=\"true\" class=\"wp-block-spacer\"><\/div>\n\n\n\n<div class=\"wp-block-media-text is-stacked-on-mobile\" style=\"grid-template-columns:15% auto\"><figure class=\"wp-block-media-text__media\"><img decoding=\"async\" src=\"https:\/\/ufcw540.org\/wp-content\/uploads\/2025\/10\/Sonya-Mumphrey.jpg\" alt=\"\" class=\"wp-image-715 size-full\"\/><\/figure><div class=\"wp-block-media-text__content\">\n<p><strong>Sonya Mumphrey | <em>Representante de la uni\u00f3n<\/em><\/strong><br><a href=\"mailto:Sonya@ufcw540.org\">Sonya@ufcw540.org<\/a> | 469-601-4870<\/p>\n<\/div><\/div>\n\n\n\n<div style=\"height:30px\" aria-hidden=\"true\" class=\"wp-block-spacer\"><\/div>\n\n\n\n<h4 class=\"wp-block-heading\"><strong>Personal de la oficina de UFCW 540<\/strong><\/h4>\n\n\n\n<div style=\"height:30px\" aria-hidden=\"true\" class=\"wp-block-spacer\"><\/div>\n\n\n\n<div class=\"wp-block-media-text is-stacked-on-mobile\" style=\"grid-template-columns:15% auto\"><figure class=\"wp-block-media-text__media\"><img decoding=\"async\" src=\"https:\/\/ufcw540.org\/wp-content\/uploads\/2025\/10\/Mona-Rodriguez.jpg\" alt=\"\" class=\"wp-image-716 size-full\"\/><\/figure><div class=\"wp-block-media-text__content\">\n<p><strong>Mona-Lisa Rodriguez | <em>Gerente de la oficina <\/em><\/strong><br><a href=\"mailto:Mona@ufcw540.org\">Mona@ufcw540.org<\/a><\/p>\n<\/div><\/div>\n\n\n\n<div style=\"height:30px\" aria-hidden=\"true\" class=\"wp-block-spacer\"><\/div>\n\n\n\n<div class=\"wp-block-media-text is-stacked-on-mobile\" style=\"grid-template-columns:15% auto\"><figure class=\"wp-block-media-text__media\"><img decoding=\"async\" src=\"https:\/\/ufcw540.org\/wp-content\/uploads\/2025\/10\/Laura-McCoskey.jpg\" alt=\"\" class=\"wp-image-717 size-full\"\/><\/figure><div class=\"wp-block-media-text__content\">\n<p><strong>Laura McCoskey | <\/strong><em><strong>Asistente administrativa \/ Contadora<\/strong><\/em> <br><a href=\"mailto:Laura@ufcw540.org\">Laura@ufcw540.org<\/a><\/p>\n<\/div><\/div>\n\n\n\n<div style=\"height:30px\" aria-hidden=\"true\" class=\"wp-block-spacer\"><\/div>\n\n\n\n<div class=\"wp-block-media-text is-stacked-on-mobile\" style=\"grid-template-columns:15% auto\"><figure class=\"wp-block-media-text__media\"><img decoding=\"async\" src=\"https:\/\/ufcw540.org\/wp-content\/uploads\/2025\/10\/Estella-Cervantes.jpg\" alt=\"\" class=\"wp-image-718 size-full\"\/><\/figure><div class=\"wp-block-media-text__content\">\n<p><strong>Estella Cervantez | <em>Asistente administrativa <\/em><\/strong><br><a href=\"mailto:Estella@ufcw540.org\">Estella@ufcw540.org<\/a><\/p>\n<\/div><\/div>\n\n\n\n<p><\/p>\n","protected":false},"excerpt":{"rendered":"<p>El liderazgo de UFCW 540 Felipe Mendez | Presidente Felipe@ufcw540.org Celestino Rivera | Secretario tesoreroCelestino@ufcw540.org Gonzalo Reyes | Asistente ejecutivo del presidente y del director de organizaci\u00f3nGonzalo@ufcw540.org | 214-519-3709 Organizadores de uni\u00f3n en UFCW 540 Juan Ventura | Organizador de uni\u00f3n Juan@ufcw540.org | 870-210-1076 Rhonda Trevino | Organizador de uni\u00f3n Rhonda@ufcw540.org | 806-220-4451 Representantes de &#8230; <\/p>\n<p class=\"read-more-container\"><a title=\"Directorio de personal de UFCW 540\" class=\"read-more button\" href=\"https:\/\/ufcw540.org\/es\/sobre-nuestra-union\/directorio-de-personal-de-ufcw-540\/#more-524\" aria-label=\"Leer m\u00e1s sobre Directorio de personal de UFCW 540\">Read more<\/a><\/p>\n","protected":false},"author":2,"featured_media":0,"parent":504,"menu_order":0,"comment_status":"closed","ping_status":"closed","template":"","meta":{"footnotes":""},"class_list":["post-524","page","type-page","status-publish"],"_links":{"self":[{"href":"https:\/\/ufcw540.org\/es\/wp-json\/wp\/v2\/pages\/524","targetHints":{"allow":["GET"]}}],"collection":[{"href":"https:\/\/ufcw540.org\/es\/wp-json\/wp\/v2\/pages"}],"about":[{"href":"https:\/\/ufcw540.org\/es\/wp-json\/wp\/v2\/types\/page"}],"author":[{"embeddable":true,"href":"https:\/\/ufcw540.org\/es\/wp-json\/wp\/v2\/users\/2"}],"replies":[{"embeddable":true,"href":"https:\/\/ufcw540.org\/es\/wp-json\/wp\/v2\/comments?post=524"}],"version-history":[{"count":3,"href":"https:\/\/ufcw540.org\/es\/wp-json\/wp\/v2\/pages\/524\/revisions"}],"predecessor-version":[{"id":794,"href":"https:\/\/ufcw540.org\/es\/wp-json\/wp\/v2\/pages\/524\/revisions\/794"}],"up":[{"embeddable":true,"href":"https:\/\/ufcw540.org\/es\/wp-json\/wp\/v2\/pages\/504"}],"wp:attachment":[{"href":"https:\/\/ufcw540.org\/es\/wp-json\/wp\/v2\/media?parent=524"}],"curies":[{"name":"wp","href":"https:\/\/api.w.org\/{rel}","templated":true}]}}