{"id":516,"date":"2024-05-15T21:11:33","date_gmt":"2024-05-15T21:11:33","guid":{"rendered":"https:\/\/local540.dev.ufcw.org\/?page_id=516"},"modified":"2026-01-05T20:47:17","modified_gmt":"2026-01-05T20:47:17","slug":"sobre-ufcw-540","status":"publish","type":"page","link":"https:\/\/ufcw540.org\/es\/sobre-nuestra-union\/sobre-ufcw-540\/","title":{"rendered":"Sobre UFCW 540"},"content":{"rendered":"\n<div class=\"wp-block-cover\"><img loading=\"lazy\" decoding=\"async\" width=\"1024\" height=\"576\" class=\"wp-block-cover__image-background wp-image-353 size-large\" alt=\"\" src=\"https:\/\/ufcw540.org\/wp-content\/uploads\/2025\/07\/Local-540_website-header-3-1024x576.jpg\" data-object-fit=\"cover\" srcset=\"https:\/\/ufcw540.org\/wp-content\/uploads\/2025\/07\/Local-540_website-header-3-1024x576.jpg 1024w, https:\/\/ufcw540.org\/wp-content\/uploads\/2025\/07\/Local-540_website-header-3-300x169.jpg 300w, https:\/\/ufcw540.org\/wp-content\/uploads\/2025\/07\/Local-540_website-header-3-768x432.jpg 768w, https:\/\/ufcw540.org\/wp-content\/uploads\/2025\/07\/Local-540_website-header-3-1536x864.jpg 1536w, https:\/\/ufcw540.org\/wp-content\/uploads\/2025\/07\/Local-540_website-header-3.jpg 1920w\" sizes=\"auto, (max-width: 1024px) 100vw, 1024px\" \/><span aria-hidden=\"true\" class=\"wp-block-cover__background has-background-dim\" style=\"background-color:#646c7d\"><\/span><div class=\"wp-block-cover__inner-container is-layout-constrained wp-block-cover-is-layout-constrained\">\n<p class=\"has-text-align-center has-contrast-color has-text-color has-link-color has-large-font-size wp-elements-97246e3072706ce3850e45e96854439c\"><\/p>\n<\/div><\/div>\n\n\n\n<div style=\"height:32px\" aria-hidden=\"true\" class=\"wp-block-spacer\"><\/div>\n\n\n\n<h2 class=\"wp-block-heading\">Quienes somos<\/h2>\n\n\n\n<p>Miembros de UFCW 540 trabajan en frente de los clientes y entre bastidores. Puede encontrarnos llenando los estantes en un supermercado, tomando la temperatura de un ni\u00f1o en un hospital, cortando un pedazo de carne antes de que sea entregado a un supermercado o cuidando a sus abuelos en un hogar de ancianos.&nbsp;<\/p>\n\n\n\n<p>Los hombres y mujeres a trav\u00e9s de Texas est\u00e1n orgullosos de llamar a UFCW 540 su uni\u00f3n local. Todos tenemos or\u00edgenes diferentes y somos de diferentes caminos de la vida &#8211; de ciudades grandes, suburbios y pueblos peque\u00f1os. Trabajamos en una amplia gama de industrias, incluyendo la producci\u00f3n de carne y comestibles, la fabricaci\u00f3n, en los almacenes, en las peluquer\u00edas, y en la industria de conductores.&nbsp;<\/p>\n\n\n\n<h2 class=\"wp-block-heading\">Una voz para los trabajadores<\/h2>\n\n\n\n<p>Hombres y mujeres trabajadores a trav\u00e9s de Texas est\u00e1n viendo que sus vidas est\u00e1n a punto de derrumbarse mientras nuestros salarios se estancan, el precio de nuestros seguros m\u00e9dicos aumenta y nuestras pensiones desaparecen. El futuro para familias trabajadores depende de una voz unida que pueda afrontar los intereses poderosos.&nbsp;<\/p>\n\n\n\n<p>Los hombres y mujeres de UFCW son esa voz. Miembros de UFCW trabajan en un n\u00famero de industrias diferentes, pero est\u00e1n concentrados en el servicio p\u00fablico y el procesamiento de carnes y comestibles. A trav\u00e9s de Texas, miembros de UFCW 540 est\u00e1n luchando d\u00eda a d\u00eda para seguir elevando el list\u00f3n para los salarios, beneficios y condiciones para los trabajadores.&nbsp;<\/p>\n\n\n\n<p>Gracias a los contratos de UFCW, m\u00e1s de 800.000 trabajadores tienen seguros de m\u00e9dico y pensiones pagados. Los miembros de UFCW en la industria de comestibles ganan 31% m\u00e1s de sus equivalentes sin una uni\u00f3n. Encima de esto, disfrutan la seguridad que trae un contrato de uni\u00f3n y la fortaleza de 1,4 millones de miembros apoy\u00e1ndolos.<\/p>\n\n\n\n<h2 class=\"wp-block-heading\">Su union vecinal<\/h2>\n\n\n\n<p>La uni\u00f3n internacional de UFCW es la uni\u00f3n vecinal para norteam\u00e9rica &#8211; somos 1,2 millones de miembros junt\u00e1ndose para mejorar las vidas de los trabajadores y las familias en nuestras comunidades. Aqu\u00ed en Texas, miembros de UFCW 540 hacen los pantalones que sus ni\u00f1os llevan a la escuela, abastecen la comida que usted compra y procesan el pavo que come en el d\u00eda de acci\u00f3n de gracias.&nbsp;<\/p>\n\n\n\n<div class=\"wp-block-buttons is-layout-flex wp-block-buttons-is-layout-flex\">\n<div class=\"wp-block-button\"><a class=\"wp-block-button__link has-text-align-center wp-element-button\" href=\"https:\/\/ufcw540.org\/es\/formar-una-union-2\/como-empezar\/#get-started\">\u00a1Cont\u00e1ctanos hoy para iniciar una uni\u00f3n en su trabajo!<\/a><\/div>\n<\/div>\n\n\n\n<div style=\"height:36px\" aria-hidden=\"true\" class=\"wp-block-spacer\"><\/div>\n","protected":false},"excerpt":{"rendered":"<p>Quienes somos Miembros de UFCW 540 trabajan en frente de los clientes y entre bastidores. Puede encontrarnos llenando los estantes en un supermercado, tomando la temperatura de un ni\u00f1o en un hospital, cortando un pedazo de carne antes de que sea entregado a un supermercado o cuidando a sus abuelos en un hogar de ancianos.&nbsp; &#8230; <\/p>\n<p class=\"read-more-container\"><a title=\"Sobre UFCW 540\" class=\"read-more button\" href=\"https:\/\/ufcw540.org\/es\/sobre-nuestra-union\/sobre-ufcw-540\/#more-516\" aria-label=\"Leer m\u00e1s sobre Sobre UFCW 540\">Read more<\/a><\/p>\n","protected":false},"author":2,"featured_media":0,"parent":504,"menu_order":0,"comment_status":"closed","ping_status":"closed","template":"","meta":{"footnotes":""},"class_list":["post-516","page","type-page","status-publish"],"_links":{"self":[{"href":"https:\/\/ufcw540.org\/es\/wp-json\/wp\/v2\/pages\/516","targetHints":{"allow":["GET"]}}],"collection":[{"href":"https:\/\/ufcw540.org\/es\/wp-json\/wp\/v2\/pages"}],"about":[{"href":"https:\/\/ufcw540.org\/es\/wp-json\/wp\/v2\/types\/page"}],"author":[{"embeddable":true,"href":"https:\/\/ufcw540.org\/es\/wp-json\/wp\/v2\/users\/2"}],"replies":[{"embeddable":true,"href":"https:\/\/ufcw540.org\/es\/wp-json\/wp\/v2\/comments?post=516"}],"version-history":[{"count":3,"href":"https:\/\/ufcw540.org\/es\/wp-json\/wp\/v2\/pages\/516\/revisions"}],"predecessor-version":[{"id":774,"href":"https:\/\/ufcw540.org\/es\/wp-json\/wp\/v2\/pages\/516\/revisions\/774"}],"up":[{"embeddable":true,"href":"https:\/\/ufcw540.org\/es\/wp-json\/wp\/v2\/pages\/504"}],"wp:attachment":[{"href":"https:\/\/ufcw540.org\/es\/wp-json\/wp\/v2\/media?parent=516"}],"curies":[{"name":"wp","href":"https:\/\/api.w.org\/{rel}","templated":true}]}}