{"id":507,"date":"2024-05-15T21:13:04","date_gmt":"2024-05-15T21:13:04","guid":{"rendered":"https:\/\/local540.dev.ufcw.org\/?page_id=507"},"modified":"2026-01-13T17:14:17","modified_gmt":"2026-01-13T17:14:17","slug":"home","status":"publish","type":"page","link":"https:\/\/ufcw540.org\/es\/","title":{"rendered":"Inicio"},"content":{"rendered":"\n<div class=\"wp-block-cover alignfull wp-duotone-unset-1\" style=\"margin-top:0;padding-top:48px;padding-right:48px;padding-bottom:48px;padding-left:48px;min-height:600px;aspect-ratio:unset;\"><img decoding=\"async\" class=\"wp-block-cover__image-background wp-image-688 size-large\" alt=\"\" src=\"https:\/\/ufcw540.org\/wp-content\/uploads\/2025\/12\/ufcw_local_540-hero_image-1024x576.jpg\" style=\"object-position:45% 7%\" data-object-fit=\"cover\" data-object-position=\"45% 7%\"\/><span aria-hidden=\"true\" class=\"wp-block-cover__background has-background-dim-30 has-background-dim\" style=\"background-color:#605139\"><\/span><div class=\"wp-block-cover__inner-container is-layout-flow wp-block-cover-is-layout-flow\">\n<div class=\"wp-block-group\"><div class=\"wp-block-group__inner-container is-layout-constrained wp-container-core-group-is-layout-481a76f5 wp-block-group-is-layout-constrained\">\n<h2 class=\"wp-block-heading has-text-align-center has-base-3-color has-text-color\" style=\"font-size:3.8rem;font-style:normal;font-weight:700;letter-spacing:0px;line-height:1;text-transform:uppercase\"><\/h2>\n<\/div><\/div>\n<\/div><\/div>\n\n\n\n<div style=\"height:32px\" aria-hidden=\"true\" class=\"wp-block-spacer\"><\/div>\n\n\n\n<h1 class=\"wp-block-heading has-text-align-center\">UFCW 540 representa con orgullo a m\u00e1s de 12.000 miembros trabajadores en el coraz\u00f3n de Texas.&nbsp;<\/h1>\n\n\n\n<p>Los miembros de UFCW 540 trabajan en una amplia gama de industrias, incluyendo la producci\u00f3n de carne y comestibles, la fabricaci\u00f3n, los almacenes, las peluquer\u00edas y la industria de conductores. Como una uni\u00f3n internacional, UFCW es una voz poderosa para trabajadores en todo el norteam\u00e9rica, liderando el esfuerzo de proteger y mejorar las vidas de todos los trabajadores.&nbsp;<\/p>\n\n\n\n<p>La misi\u00f3n de UFCW 540 es sencillo: somos trabajadores ayudando a otros trabajadores a:&nbsp;<\/p>\n\n\n\n<ul class=\"wp-block-list\">\n<li>Ganar mejores salarios, beneficios, y condiciones de trabajo<\/li>\n\n\n\n<li>Obtener una verdadera voz independiente en el trabajo<\/li>\n\n\n\n<li>Ser tratados con justicia, dignidad y respeto en el trabajo&nbsp;<\/li>\n\n\n\n<li>Ganar su valor. Los miembros de las uniones ganan mucho m\u00e1s que los trabajadores sin una uni\u00f3n. El pago y los beneficios adicionales que los trabajadores reciben por ser miembro de la uni\u00f3n son, en general, m\u00e1s que 18 veces m\u00e1s de el costo de las cuotas de uni\u00f3n.<\/li>\n<\/ul>\n\n\n\n<p>UFCW 540 dedica todos los recursos necesarios para ofrecer la representaci\u00f3n m\u00e1s comprensiva y profesional a nuestros miembros para ayudarles a mantener su est\u00e1ndar de vida y crear un mejor futuro para sus familias.<br><\/p>\n\n\n\n<div class=\"wp-block-buttons is-layout-flex wp-block-buttons-is-layout-flex\">\n<div class=\"wp-block-button\"><a class=\"wp-block-button__link wp-element-button\" href=\"https:\/\/ufcw540.org\/es\/formar-una-union-2\/como-empezar\/#get-started\">\u00a1Cont\u00e1ctanos hoy para iniciar una uni\u00f3n en su trabajo!<\/a><\/div>\n<\/div>\n\n\n\n<div style=\"height:32px\" aria-hidden=\"true\" class=\"wp-block-spacer\"><\/div>\n\n\n\n<h2 class=\"wp-block-heading\">Una mensaje de nuestros l\u00edderes<\/h2>\n\n\n\n<div style=\"height:32px\" aria-hidden=\"true\" class=\"wp-block-spacer\"><\/div>\n\n\n\n<div style=\"height:32px\" aria-hidden=\"true\" class=\"wp-block-spacer\"><\/div>\n\n\n\n<div class=\"wp-block-media-text is-stacked-on-mobile is-vertically-aligned-center\" style=\"grid-template-columns:25% auto\"><figure class=\"wp-block-media-text__media\"><img loading=\"lazy\" decoding=\"async\" width=\"1024\" height=\"1024\" src=\"https:\/\/ufcw540.org\/wp-content\/uploads\/2025\/10\/ufcw540-leadership-1024x1024.jpg\" alt=\"\" class=\"wp-image-646 size-full\" srcset=\"https:\/\/ufcw540.org\/wp-content\/uploads\/2025\/10\/ufcw540-leadership-1024x1024.jpg 1024w, https:\/\/ufcw540.org\/wp-content\/uploads\/2025\/10\/ufcw540-leadership-300x300.jpg 300w, https:\/\/ufcw540.org\/wp-content\/uploads\/2025\/10\/ufcw540-leadership-150x150.jpg 150w, https:\/\/ufcw540.org\/wp-content\/uploads\/2025\/10\/ufcw540-leadership-768x768.jpg 768w, https:\/\/ufcw540.org\/wp-content\/uploads\/2025\/10\/ufcw540-leadership.jpg 1080w\" sizes=\"auto, (max-width: 1024px) 100vw, 1024px\" \/><\/figure><div class=\"wp-block-media-text__content\">\n<h4 class=\"wp-block-heading\"><strong>Felipe Mendez, <\/strong>Presidente de Local 540<br><strong>Celestino Rivera, <\/strong>Secretario tesorero de Local 540<\/h4>\n\n\n\n<p>Bienvenidos a la familia de UFCW Local 540. Trabajamos cada d\u00eda para garantizar que nuestros 12.000 miembros son tratados con la dignidad y el respeto que merecen.&nbsp;<\/p>\n\n\n\n<p>Estamos orgullosos de ofrecer a nuestros miembros los recursos, la experiencia, los conocimientos, y la dedicaci\u00f3n para representarlos en el lugar de trabajo. Los contratos que negociamos para nuestros miembros entregan beneficios, salarios, y protecciones de trabajo seguros en las industrias que representamos.&nbsp;&nbsp;<\/p>\n\n\n\n<p>Esperamos que tenga la oportunidad de leer su contrato. Es importante entender sus beneficios y los derechos establecidos que tiene bajo su contrato. Si tiene preguntas, no dude en ponerse en contacto con su representante de la uni\u00f3n.&nbsp;<\/p>\n\n\n\n<p>Si no es miembro ya, nos gustar\u00eda ayudarlo a convertirse en parte de la familia de UFCW.<\/p>\n<\/div><\/div>\n\n\n\n<div class=\"wp-block-cb-carousel-v2 cb-carousel-block\" data-cb-slides-per-view=\"1\" data-cb-slides-per-group=\"1\" data-cb-space-between=\"15\" data-cb-speed=\"300\" data-cb-navigation=\"true\" data-cb-pagination=\"true\" data-cb-breakpoints=\"{&quot;768&quot;:{&quot;slidesPerView&quot;:3,&quot;slidesPerGroup&quot;:1}}\"><div class=\"swiper\"><div class=\"cb-wrapper swiper-wrapper\">\n<div class=\"wp-block-cb-slide-v2 cb-slide swiper-slide\">\n<figure class=\"wp-block-image size-large\"><img decoding=\"async\" src=\"https:\/\/ufcw540.org\/wp-content\/uploads\/2026\/01\/ufcw-local-540-members-13-1024x576.jpg\" alt=\"\" class=\"wp-image-850\"\/><\/figure>\n<\/div>\n\n\n\n<div class=\"wp-block-cb-slide-v2 cb-slide swiper-slide\">\n<figure class=\"wp-block-image size-large\"><img loading=\"lazy\" decoding=\"async\" width=\"1024\" height=\"577\" src=\"https:\/\/ufcw540.org\/wp-content\/uploads\/2026\/01\/UFCW_Local_540-members-01-1024x577.jpeg\" alt=\"\" class=\"wp-image-795\" srcset=\"https:\/\/ufcw540.org\/wp-content\/uploads\/2026\/01\/UFCW_Local_540-members-01-1024x577.jpeg 1024w, https:\/\/ufcw540.org\/wp-content\/uploads\/2026\/01\/UFCW_Local_540-members-01-300x169.jpeg 300w, https:\/\/ufcw540.org\/wp-content\/uploads\/2026\/01\/UFCW_Local_540-members-01-768x432.jpeg 768w, https:\/\/ufcw540.org\/wp-content\/uploads\/2026\/01\/UFCW_Local_540-members-01-1536x865.jpeg 1536w, https:\/\/ufcw540.org\/wp-content\/uploads\/2026\/01\/UFCW_Local_540-members-01.jpeg 1920w\" sizes=\"auto, (max-width: 1024px) 100vw, 1024px\" \/><\/figure>\n<\/div>\n\n\n\n<div class=\"wp-block-cb-slide-v2 cb-slide swiper-slide\">\n<figure class=\"wp-block-image size-large\"><img loading=\"lazy\" decoding=\"async\" width=\"1024\" height=\"576\" src=\"https:\/\/ufcw540.org\/wp-content\/uploads\/2026\/01\/UFCW_Local_540-members-03-1024x576.jpg\" alt=\"\" class=\"wp-image-797\" srcset=\"https:\/\/ufcw540.org\/wp-content\/uploads\/2026\/01\/UFCW_Local_540-members-03-1024x576.jpg 1024w, https:\/\/ufcw540.org\/wp-content\/uploads\/2026\/01\/UFCW_Local_540-members-03-300x169.jpg 300w, https:\/\/ufcw540.org\/wp-content\/uploads\/2026\/01\/UFCW_Local_540-members-03-768x432.jpg 768w, https:\/\/ufcw540.org\/wp-content\/uploads\/2026\/01\/UFCW_Local_540-members-03-1536x864.jpg 1536w, https:\/\/ufcw540.org\/wp-content\/uploads\/2026\/01\/UFCW_Local_540-members-03.jpg 1755w\" sizes=\"auto, (max-width: 1024px) 100vw, 1024px\" \/><\/figure>\n<\/div>\n\n\n\n<div class=\"wp-block-cb-slide-v2 cb-slide swiper-slide\">\n<figure class=\"wp-block-image size-large\"><img loading=\"lazy\" decoding=\"async\" width=\"1024\" height=\"576\" src=\"https:\/\/ufcw540.org\/wp-content\/uploads\/2026\/01\/UFCW_Local_540-members-08-1024x576.jpg\" alt=\"\" class=\"wp-image-802\" srcset=\"https:\/\/ufcw540.org\/wp-content\/uploads\/2026\/01\/UFCW_Local_540-members-08-1024x576.jpg 1024w, https:\/\/ufcw540.org\/wp-content\/uploads\/2026\/01\/UFCW_Local_540-members-08-300x169.jpg 300w, https:\/\/ufcw540.org\/wp-content\/uploads\/2026\/01\/UFCW_Local_540-members-08-768x432.jpg 768w, https:\/\/ufcw540.org\/wp-content\/uploads\/2026\/01\/UFCW_Local_540-members-08-1536x864.jpg 1536w, https:\/\/ufcw540.org\/wp-content\/uploads\/2026\/01\/UFCW_Local_540-members-08.jpg 1920w\" sizes=\"auto, (max-width: 1024px) 100vw, 1024px\" \/><\/figure>\n<\/div>\n\n\n\n<div class=\"wp-block-cb-slide-v2 cb-slide swiper-slide\">\n<figure class=\"wp-block-image size-large\"><img loading=\"lazy\" decoding=\"async\" width=\"1024\" height=\"576\" src=\"https:\/\/ufcw540.org\/wp-content\/uploads\/2026\/01\/UFCW_Local_540-members-10-1024x576.jpg\" alt=\"\" class=\"wp-image-804\" srcset=\"https:\/\/ufcw540.org\/wp-content\/uploads\/2026\/01\/UFCW_Local_540-members-10-1024x576.jpg 1024w, https:\/\/ufcw540.org\/wp-content\/uploads\/2026\/01\/UFCW_Local_540-members-10-300x169.jpg 300w, https:\/\/ufcw540.org\/wp-content\/uploads\/2026\/01\/UFCW_Local_540-members-10-768x432.jpg 768w, https:\/\/ufcw540.org\/wp-content\/uploads\/2026\/01\/UFCW_Local_540-members-10-1536x864.jpg 1536w, https:\/\/ufcw540.org\/wp-content\/uploads\/2026\/01\/UFCW_Local_540-members-10.jpg 1920w\" sizes=\"auto, (max-width: 1024px) 100vw, 1024px\" \/><\/figure>\n<\/div>\n\n\n\n<div class=\"wp-block-cb-slide-v2 cb-slide swiper-slide\">\n<figure class=\"wp-block-image size-large\"><img loading=\"lazy\" decoding=\"async\" width=\"1024\" height=\"576\" src=\"https:\/\/ufcw540.org\/wp-content\/uploads\/2026\/01\/UFCW_Local_540-members-04-1024x576.jpeg\" alt=\"\" class=\"wp-image-798\" srcset=\"https:\/\/ufcw540.org\/wp-content\/uploads\/2026\/01\/UFCW_Local_540-members-04-1024x576.jpeg 1024w, https:\/\/ufcw540.org\/wp-content\/uploads\/2026\/01\/UFCW_Local_540-members-04-300x169.jpeg 300w, https:\/\/ufcw540.org\/wp-content\/uploads\/2026\/01\/UFCW_Local_540-members-04-768x432.jpeg 768w, https:\/\/ufcw540.org\/wp-content\/uploads\/2026\/01\/UFCW_Local_540-members-04-1536x864.jpeg 1536w, https:\/\/ufcw540.org\/wp-content\/uploads\/2026\/01\/UFCW_Local_540-members-04.jpeg 1920w\" sizes=\"auto, (max-width: 1024px) 100vw, 1024px\" \/><\/figure>\n<\/div>\n\n\n\n<div class=\"wp-block-cb-slide-v2 cb-slide swiper-slide\">\n<figure class=\"wp-block-image size-large\"><img loading=\"lazy\" decoding=\"async\" width=\"1024\" height=\"576\" src=\"https:\/\/ufcw540.org\/wp-content\/uploads\/2026\/01\/UFCW_Local_540-members-12-1024x576.jpg\" alt=\"\" class=\"wp-image-806\" srcset=\"https:\/\/ufcw540.org\/wp-content\/uploads\/2026\/01\/UFCW_Local_540-members-12-1024x576.jpg 1024w, https:\/\/ufcw540.org\/wp-content\/uploads\/2026\/01\/UFCW_Local_540-members-12-300x169.jpg 300w, https:\/\/ufcw540.org\/wp-content\/uploads\/2026\/01\/UFCW_Local_540-members-12-768x432.jpg 768w, https:\/\/ufcw540.org\/wp-content\/uploads\/2026\/01\/UFCW_Local_540-members-12-1536x864.jpg 1536w, https:\/\/ufcw540.org\/wp-content\/uploads\/2026\/01\/UFCW_Local_540-members-12.jpg 1920w\" sizes=\"auto, (max-width: 1024px) 100vw, 1024px\" \/><\/figure>\n<\/div>\n\n\n\n<div class=\"wp-block-cb-slide-v2 cb-slide swiper-slide\">\n<figure class=\"wp-block-image size-large\"><img loading=\"lazy\" decoding=\"async\" width=\"1024\" height=\"576\" src=\"https:\/\/ufcw540.org\/wp-content\/uploads\/2026\/01\/UFCW_Local_540-members-02-1024x576.jpg\" alt=\"\" class=\"wp-image-796\" srcset=\"https:\/\/ufcw540.org\/wp-content\/uploads\/2026\/01\/UFCW_Local_540-members-02-1024x576.jpg 1024w, https:\/\/ufcw540.org\/wp-content\/uploads\/2026\/01\/UFCW_Local_540-members-02-300x169.jpg 300w, https:\/\/ufcw540.org\/wp-content\/uploads\/2026\/01\/UFCW_Local_540-members-02-768x432.jpg 768w, https:\/\/ufcw540.org\/wp-content\/uploads\/2026\/01\/UFCW_Local_540-members-02-1536x863.jpg 1536w, https:\/\/ufcw540.org\/wp-content\/uploads\/2026\/01\/UFCW_Local_540-members-02-2048x1151.jpg 2048w\" sizes=\"auto, (max-width: 1024px) 100vw, 1024px\" \/><\/figure>\n<\/div>\n\n\n\n<div class=\"wp-block-cb-slide-v2 cb-slide swiper-slide\">\n<figure class=\"wp-block-image size-large\"><img loading=\"lazy\" decoding=\"async\" width=\"1024\" height=\"575\" src=\"https:\/\/ufcw540.org\/wp-content\/uploads\/2026\/01\/UFCW_Local_540-members-11-1024x575.jpg\" alt=\"\" class=\"wp-image-805\" srcset=\"https:\/\/ufcw540.org\/wp-content\/uploads\/2026\/01\/UFCW_Local_540-members-11-1024x575.jpg 1024w, https:\/\/ufcw540.org\/wp-content\/uploads\/2026\/01\/UFCW_Local_540-members-11-300x169.jpg 300w, https:\/\/ufcw540.org\/wp-content\/uploads\/2026\/01\/UFCW_Local_540-members-11-768x432.jpg 768w, https:\/\/ufcw540.org\/wp-content\/uploads\/2026\/01\/UFCW_Local_540-members-11-1536x863.jpg 1536w, https:\/\/ufcw540.org\/wp-content\/uploads\/2026\/01\/UFCW_Local_540-members-11.jpg 1920w\" sizes=\"auto, (max-width: 1024px) 100vw, 1024px\" \/><\/figure>\n<\/div>\n<\/div><\/div><div class=\"cb-pagination swiper-pagination\"><\/div><div class=\"cb-button-prev swiper-button-prev\"><\/div><div class=\"cb-button-next swiper-button-next\"><\/div><\/div>\n\n\n\n<div style=\"height:32px\" aria-hidden=\"true\" class=\"wp-block-spacer\"><\/div>\n\n\n\n<figure class=\"wp-block-embed is-type-video is-provider-youtube wp-block-embed-youtube wp-embed-aspect-16-9 wp-has-aspect-ratio\"><div class=\"wp-block-embed__wrapper\">\n<iframe loading=\"lazy\" title=\"How to Start a Union | by UFCW\" width=\"1200\" height=\"675\" src=\"https:\/\/www.youtube.com\/embed\/ibNkDZXDMDQ?feature=oembed\" frameborder=\"0\" allow=\"accelerometer; autoplay; clipboard-write; encrypted-media; gyroscope; picture-in-picture; web-share\" referrerpolicy=\"strict-origin-when-cross-origin\" allowfullscreen><\/iframe>\n<\/div><\/figure>\n","protected":false},"excerpt":{"rendered":"<p>UFCW 540 representa con orgullo a m\u00e1s de 12.000 miembros trabajadores en el coraz\u00f3n de Texas.&nbsp; Los miembros de UFCW 540 trabajan en una amplia gama de industrias, incluyendo la producci\u00f3n de carne y comestibles, la fabricaci\u00f3n, los almacenes, las peluquer\u00edas y la industria de conductores. Como una uni\u00f3n internacional, UFCW es una voz poderosa &#8230; <\/p>\n<p class=\"read-more-container\"><a title=\"Inicio\" class=\"read-more button\" href=\"https:\/\/ufcw540.org\/es\/#more-507\" aria-label=\"Leer m\u00e1s sobre Inicio\">Read more<\/a><\/p>\n","protected":false},"author":2,"featured_media":0,"parent":0,"menu_order":0,"comment_status":"closed","ping_status":"closed","template":"","meta":{"footnotes":""},"class_list":["post-507","page","type-page","status-publish"],"_links":{"self":[{"href":"https:\/\/ufcw540.org\/es\/wp-json\/wp\/v2\/pages\/507","targetHints":{"allow":["GET"]}}],"collection":[{"href":"https:\/\/ufcw540.org\/es\/wp-json\/wp\/v2\/pages"}],"about":[{"href":"https:\/\/ufcw540.org\/es\/wp-json\/wp\/v2\/types\/page"}],"author":[{"embeddable":true,"href":"https:\/\/ufcw540.org\/es\/wp-json\/wp\/v2\/users\/2"}],"replies":[{"embeddable":true,"href":"https:\/\/ufcw540.org\/es\/wp-json\/wp\/v2\/comments?post=507"}],"version-history":[{"count":11,"href":"https:\/\/ufcw540.org\/es\/wp-json\/wp\/v2\/pages\/507\/revisions"}],"predecessor-version":[{"id":860,"href":"https:\/\/ufcw540.org\/es\/wp-json\/wp\/v2\/pages\/507\/revisions\/860"}],"wp:attachment":[{"href":"https:\/\/ufcw540.org\/es\/wp-json\/wp\/v2\/media?parent=507"}],"curies":[{"name":"wp","href":"https:\/\/api.w.org\/{rel}","templated":true}]}}